{"id":4424,"date":"2024-02-26T19:13:58","date_gmt":"2024-02-26T19:13:58","guid":{"rendered":"https:\/\/harvestshare.aanhpihealth.org\/staging\/2484\/events\/"},"modified":"2024-03-27T15:06:28","modified_gmt":"2024-03-27T15:06:28","slug":"events","status":"publish","type":"page","link":"https:\/\/harvestshare.aanhpihealth.org\/es\/events\/","title":{"rendered":"events"},"content":{"rendered":"\t\t<div data-elementor-type=\"wp-page\" data-elementor-id=\"4424\" class=\"elementor elementor-4424 elementor-1731\">\n\t\t\t\t\t\t<section class=\"elementor-section elementor-top-section elementor-element elementor-element-64572b5 elementor-section-height-min-height elementor-section-boxed elementor-section-height-default elementor-section-items-middle\" data-id=\"64572b5\" data-element_type=\"section\" data-e-type=\"section\" data-settings=\"{&quot;background_background&quot;:&quot;classic&quot;}\">\n\t\t\t\t\t\t<div class=\"elementor-container elementor-column-gap-default\">\n\t\t\t\t\t<div class=\"elementor-column elementor-col-50 elementor-top-column elementor-element elementor-element-fce0200\" data-id=\"fce0200\" data-element_type=\"column\" data-e-type=\"column\">\n\t\t\t<div class=\"elementor-widget-wrap elementor-element-populated\">\n\t\t\t\t\t\t<div class=\"elementor-element elementor-element-78ac771 elementor-widget elementor-widget-heading\" data-id=\"78ac771\" data-element_type=\"widget\" data-e-type=\"widget\" data-widget_type=\"heading.default\">\n\t\t\t\t<div class=\"elementor-widget-container\">\n\t\t\t\t\t<h2 class=\"elementor-heading-title elementor-size-default\">Eventos<\/h2>\t\t\t\t<\/div>\n\t\t\t\t<\/div>\n\t\t\t\t<div class=\"elementor-element elementor-element-c0f0110 elementor-widget elementor-widget-text-editor\" data-id=\"c0f0110\" data-element_type=\"widget\" data-e-type=\"widget\" data-widget_type=\"text-editor.default\">\n\t\t\t\t<div class=\"elementor-widget-container\">\n\t\t\t\t\t\t\t\t\t<p class=\"p1\">Cosecha Colectiva ofrece m\u00faltiples eventos atractivos para los miembros de nuestra caja de productos. \u00a1Estos eventos incluyen talleres de arte, recorridos por granjas, talleres de nutrici\u00f3n, demostraciones de cocina y mucho m\u00e1s! Haga clic a continuaci\u00f3n para obtener m\u00e1s informaci\u00f3n sobre nuestros eventos pasados \u200b\u200by futuros.<\/p>\t\t\t\t\t\t\t\t<\/div>\n\t\t\t\t<\/div>\n\t\t\t\t\t<\/div>\n\t\t<\/div>\n\t\t\t\t<div class=\"elementor-column elementor-col-50 elementor-top-column elementor-element elementor-element-439b440 elementor-hidden-mobile\" data-id=\"439b440\" data-element_type=\"column\" data-e-type=\"column\">\n\t\t\t<div class=\"elementor-widget-wrap\">\n\t\t\t\t\t\t\t<\/div>\n\t\t<\/div>\n\t\t\t\t\t<\/div>\n\t\t<\/section>\n\t\t\t\t<\/div>\n\t\t","protected":false},"excerpt":{"rendered":"<p>Eventos Cosecha Colectiva ofrece m\u00faltiples eventos atractivos para los miembros de nuestra caja de productos. \u00a1Estos eventos incluyen talleres de arte, recorridos por granjas, talleres de nutrici\u00f3n, demostraciones de cocina y mucho m\u00e1s! Haga clic a continuaci\u00f3n para obtener m\u00e1s informaci\u00f3n sobre nuestros eventos pasados \u200b\u200by futuros.<\/p>\n","protected":false},"author":1,"featured_media":0,"parent":0,"menu_order":0,"comment_status":"closed","ping_status":"closed","template":"elementor_theme","meta":{"_acf_changed":false,"nf_dc_page":"","footnotes":""},"class_list":["post-4424","page","type-page","status-publish","hentry"],"acf":[],"yoast_head":"<!-- This site is optimized with the Yoast SEO plugin v27.4 - https:\/\/yoast.com\/product\/yoast-seo-wordpress\/ -->\n<title>HARVEST SHARE - Our Communities, Our Foods<\/title>\n<meta name=\"description\" content=\"Our Communities, Our Foods\" \/>\n<meta name=\"robots\" content=\"index, follow, max-snippet:-1, max-image-preview:large, max-video-preview:-1\" \/>\n<link rel=\"canonical\" href=\"https:\/\/harvestshare.aanhpihealth.org\/es\/events\/\" \/>\n<meta property=\"og:locale\" content=\"es_ES\" \/>\n<meta property=\"og:type\" content=\"article\" \/>\n<meta property=\"og:title\" content=\"HARVEST SHARE - Our Communities, Our Foods\" \/>\n<meta property=\"og:description\" content=\"Our Communities, Our Foods\" \/>\n<meta property=\"og:url\" content=\"https:\/\/harvestshare.aanhpihealth.org\/es\/events\/\" \/>\n<meta property=\"og:site_name\" content=\"HARVEST SHARE\" \/>\n<meta property=\"article:modified_time\" content=\"2024-03-27T15:06:28+00:00\" \/>\n<meta name=\"twitter:card\" content=\"summary_large_image\" \/>\n<meta name=\"twitter:label1\" content=\"Tiempo de lectura\" \/>\n\t<meta name=\"twitter:data1\" content=\"1 minuto\" \/>\n<script type=\"application\/ld+json\" class=\"yoast-schema-graph\">{\"@context\":\"https:\\\/\\\/schema.org\",\"@graph\":[{\"@type\":\"WebPage\",\"@id\":\"https:\\\/\\\/harvestshare.aanhpihealth.org\\\/es\\\/events\\\/\",\"url\":\"https:\\\/\\\/harvestshare.aanhpihealth.org\\\/es\\\/events\\\/\",\"name\":\"HARVEST SHARE - Our Communities, Our Foods\",\"isPartOf\":{\"@id\":\"https:\\\/\\\/harvestshare.aanhpihealth.org\\\/es\\\/#website\"},\"datePublished\":\"2024-02-26T19:13:58+00:00\",\"dateModified\":\"2024-03-27T15:06:28+00:00\",\"description\":\"Our Communities, Our Foods\",\"breadcrumb\":{\"@id\":\"https:\\\/\\\/harvestshare.aanhpihealth.org\\\/es\\\/events\\\/#breadcrumb\"},\"inLanguage\":\"es\",\"potentialAction\":[{\"@type\":\"ReadAction\",\"target\":[\"https:\\\/\\\/harvestshare.aanhpihealth.org\\\/es\\\/events\\\/\"]}]},{\"@type\":\"BreadcrumbList\",\"@id\":\"https:\\\/\\\/harvestshare.aanhpihealth.org\\\/es\\\/events\\\/#breadcrumb\",\"itemListElement\":[{\"@type\":\"ListItem\",\"position\":1,\"name\":\"Home\",\"item\":\"https:\\\/\\\/harvestshare.aanhpihealth.org\\\/es\\\/\"},{\"@type\":\"ListItem\",\"position\":2,\"name\":\"events\"}]},{\"@type\":\"WebSite\",\"@id\":\"https:\\\/\\\/harvestshare.aanhpihealth.org\\\/es\\\/#website\",\"url\":\"https:\\\/\\\/harvestshare.aanhpihealth.org\\\/es\\\/\",\"name\":\"HARVEST SHARE\",\"description\":\"Our Communities, Our Foods\",\"publisher\":{\"@id\":\"https:\\\/\\\/harvestshare.aanhpihealth.org\\\/es\\\/#organization\"},\"potentialAction\":[{\"@type\":\"SearchAction\",\"target\":{\"@type\":\"EntryPoint\",\"urlTemplate\":\"https:\\\/\\\/harvestshare.aanhpihealth.org\\\/es\\\/?s={search_term_string}\"},\"query-input\":{\"@type\":\"PropertyValueSpecification\",\"valueRequired\":true,\"valueName\":\"search_term_string\"}}],\"inLanguage\":\"es\"},{\"@type\":\"Organization\",\"@id\":\"https:\\\/\\\/harvestshare.aanhpihealth.org\\\/es\\\/#organization\",\"name\":\"HARVEST SHARE\",\"url\":\"https:\\\/\\\/harvestshare.aanhpihealth.org\\\/es\\\/\",\"logo\":{\"@type\":\"ImageObject\",\"inLanguage\":\"es\",\"@id\":\"https:\\\/\\\/harvestshare.aanhpihealth.org\\\/es\\\/#\\\/schema\\\/logo\\\/image\\\/\",\"url\":\"https:\\\/\\\/harvestshare.aanhpihealth.org\\\/wp-content\\\/uploads\\\/2024\\\/02\\\/cropped-harvestshare_logo.jpg\",\"contentUrl\":\"https:\\\/\\\/harvestshare.aanhpihealth.org\\\/wp-content\\\/uploads\\\/2024\\\/02\\\/cropped-harvestshare_logo.jpg\",\"width\":238,\"height\":38,\"caption\":\"HARVEST SHARE\"},\"image\":{\"@id\":\"https:\\\/\\\/harvestshare.aanhpihealth.org\\\/es\\\/#\\\/schema\\\/logo\\\/image\\\/\"}}]}<\/script>\n<!-- \/ Yoast SEO plugin. -->","yoast_head_json":{"title":"HARVEST SHARE - Our Communities, Our Foods","description":"Our Communities, Our Foods","robots":{"index":"index","follow":"follow","max-snippet":"max-snippet:-1","max-image-preview":"max-image-preview:large","max-video-preview":"max-video-preview:-1"},"canonical":"https:\/\/harvestshare.aanhpihealth.org\/es\/events\/","og_locale":"es_ES","og_type":"article","og_title":"HARVEST SHARE - Our Communities, Our Foods","og_description":"Our Communities, Our Foods","og_url":"https:\/\/harvestshare.aanhpihealth.org\/es\/events\/","og_site_name":"HARVEST SHARE","article_modified_time":"2024-03-27T15:06:28+00:00","twitter_card":"summary_large_image","twitter_misc":{"Tiempo de lectura":"1 minuto"},"schema":{"@context":"https:\/\/schema.org","@graph":[{"@type":"WebPage","@id":"https:\/\/harvestshare.aanhpihealth.org\/es\/events\/","url":"https:\/\/harvestshare.aanhpihealth.org\/es\/events\/","name":"HARVEST SHARE - Our Communities, Our Foods","isPartOf":{"@id":"https:\/\/harvestshare.aanhpihealth.org\/es\/#website"},"datePublished":"2024-02-26T19:13:58+00:00","dateModified":"2024-03-27T15:06:28+00:00","description":"Our Communities, Our Foods","breadcrumb":{"@id":"https:\/\/harvestshare.aanhpihealth.org\/es\/events\/#breadcrumb"},"inLanguage":"es","potentialAction":[{"@type":"ReadAction","target":["https:\/\/harvestshare.aanhpihealth.org\/es\/events\/"]}]},{"@type":"BreadcrumbList","@id":"https:\/\/harvestshare.aanhpihealth.org\/es\/events\/#breadcrumb","itemListElement":[{"@type":"ListItem","position":1,"name":"Home","item":"https:\/\/harvestshare.aanhpihealth.org\/es\/"},{"@type":"ListItem","position":2,"name":"events"}]},{"@type":"WebSite","@id":"https:\/\/harvestshare.aanhpihealth.org\/es\/#website","url":"https:\/\/harvestshare.aanhpihealth.org\/es\/","name":"HARVEST SHARE","description":"Our Communities, Our Foods","publisher":{"@id":"https:\/\/harvestshare.aanhpihealth.org\/es\/#organization"},"potentialAction":[{"@type":"SearchAction","target":{"@type":"EntryPoint","urlTemplate":"https:\/\/harvestshare.aanhpihealth.org\/es\/?s={search_term_string}"},"query-input":{"@type":"PropertyValueSpecification","valueRequired":true,"valueName":"search_term_string"}}],"inLanguage":"es"},{"@type":"Organization","@id":"https:\/\/harvestshare.aanhpihealth.org\/es\/#organization","name":"HARVEST SHARE","url":"https:\/\/harvestshare.aanhpihealth.org\/es\/","logo":{"@type":"ImageObject","inLanguage":"es","@id":"https:\/\/harvestshare.aanhpihealth.org\/es\/#\/schema\/logo\/image\/","url":"https:\/\/harvestshare.aanhpihealth.org\/wp-content\/uploads\/2024\/02\/cropped-harvestshare_logo.jpg","contentUrl":"https:\/\/harvestshare.aanhpihealth.org\/wp-content\/uploads\/2024\/02\/cropped-harvestshare_logo.jpg","width":238,"height":38,"caption":"HARVEST SHARE"},"image":{"@id":"https:\/\/harvestshare.aanhpihealth.org\/es\/#\/schema\/logo\/image\/"}}]}},"_links":{"self":[{"href":"https:\/\/harvestshare.aanhpihealth.org\/es\/wp-json\/wp\/v2\/pages\/4424","targetHints":{"allow":["GET"]}}],"collection":[{"href":"https:\/\/harvestshare.aanhpihealth.org\/es\/wp-json\/wp\/v2\/pages"}],"about":[{"href":"https:\/\/harvestshare.aanhpihealth.org\/es\/wp-json\/wp\/v2\/types\/page"}],"author":[{"embeddable":true,"href":"https:\/\/harvestshare.aanhpihealth.org\/es\/wp-json\/wp\/v2\/users\/1"}],"replies":[{"embeddable":true,"href":"https:\/\/harvestshare.aanhpihealth.org\/es\/wp-json\/wp\/v2\/comments?post=4424"}],"version-history":[{"count":5,"href":"https:\/\/harvestshare.aanhpihealth.org\/es\/wp-json\/wp\/v2\/pages\/4424\/revisions"}],"predecessor-version":[{"id":5971,"href":"https:\/\/harvestshare.aanhpihealth.org\/es\/wp-json\/wp\/v2\/pages\/4424\/revisions\/5971"}],"wp:attachment":[{"href":"https:\/\/harvestshare.aanhpihealth.org\/es\/wp-json\/wp\/v2\/media?parent=4424"}],"curies":[{"name":"wp","href":"https:\/\/api.w.org\/{rel}","templated":true}]}}