{"id":4428,"date":"2024-02-21T18:05:57","date_gmt":"2024-02-21T18:05:57","guid":{"rendered":"https:\/\/harvestshare.aanhpihealth.org\/staging\/2484\/resources\/"},"modified":"2024-03-27T15:15:55","modified_gmt":"2024-03-27T15:15:55","slug":"resources","status":"publish","type":"page","link":"https:\/\/harvestshare.aanhpihealth.org\/es\/resources\/","title":{"rendered":"Resources"},"content":{"rendered":"\t\t<div data-elementor-type=\"wp-page\" data-elementor-id=\"4428\" class=\"elementor elementor-4428 elementor-1406\">\n\t\t\t\t\t\t<section class=\"elementor-section elementor-top-section elementor-element elementor-element-64572b5 elementor-section-height-min-height elementor-section-boxed elementor-section-height-default elementor-section-items-middle\" data-id=\"64572b5\" data-element_type=\"section\" data-e-type=\"section\" data-settings=\"{&quot;background_background&quot;:&quot;classic&quot;}\">\n\t\t\t\t\t\t<div class=\"elementor-container elementor-column-gap-default\">\n\t\t\t\t\t<div class=\"elementor-column elementor-col-100 elementor-top-column elementor-element elementor-element-fce0200\" data-id=\"fce0200\" data-element_type=\"column\" data-e-type=\"column\">\n\t\t\t<div class=\"elementor-widget-wrap elementor-element-populated\">\n\t\t\t\t\t\t<div class=\"elementor-element elementor-element-78ac771 elementor-widget elementor-widget-heading\" data-id=\"78ac771\" data-element_type=\"widget\" data-e-type=\"widget\" data-widget_type=\"heading.default\">\n\t\t\t\t<div class=\"elementor-widget-container\">\n\t\t\t\t\t<h2 class=\"elementor-heading-title elementor-size-default\">RECURSOS<\/h2>\t\t\t\t<\/div>\n\t\t\t\t<\/div>\n\t\t\t\t\t<\/div>\n\t\t<\/div>\n\t\t\t\t\t<\/div>\n\t\t<\/section>\n\t\t\t\t<section class=\"elementor-section elementor-top-section elementor-element elementor-element-1fb2885 elementor-section-height-min-height elementor-section-items-top elementor-section-boxed elementor-section-height-default\" data-id=\"1fb2885\" data-element_type=\"section\" data-e-type=\"section\" data-settings=\"{&quot;background_background&quot;:&quot;classic&quot;}\">\n\t\t\t\t\t\t<div class=\"elementor-container elementor-column-gap-default\">\n\t\t\t\t\t<div class=\"elementor-column elementor-col-25 elementor-top-column elementor-element elementor-element-8435a33\" data-id=\"8435a33\" data-element_type=\"column\" data-e-type=\"column\" data-settings=\"{&quot;background_background&quot;:&quot;classic&quot;}\">\n\t\t\t<div class=\"elementor-widget-wrap elementor-element-populated\">\n\t\t\t\t\t\t<div class=\"elementor-element elementor-element-cb01a61 elementor-widget elementor-widget-image\" data-id=\"cb01a61\" data-element_type=\"widget\" data-e-type=\"widget\" data-widget_type=\"image.default\">\n\t\t\t\t<div class=\"elementor-widget-container\">\n\t\t\t\t\t\t\t\t\t\t\t\t\t\t\t\t<a href=\"https:\/\/harvestshare.aanhpihealth.org\/es\/resources\/recipes\/\">\n\t\t\t\t\t\t\t<img fetchpriority=\"high\" decoding=\"async\" width=\"376\" height=\"376\" src=\"https:\/\/harvestshare.aanhpihealth.org\/wp-content\/uploads\/2024\/02\/recipes-icon-r.png\" class=\"elementor-animation-grow attachment-large size-large wp-image-1414\" alt=\"\" srcset=\"https:\/\/harvestshare.aanhpihealth.org\/wp-content\/uploads\/2024\/02\/recipes-icon-r.png 376w, https:\/\/harvestshare.aanhpihealth.org\/wp-content\/uploads\/2024\/02\/recipes-icon-r-300x300.png 300w, https:\/\/harvestshare.aanhpihealth.org\/wp-content\/uploads\/2024\/02\/recipes-icon-r-150x150.png 150w\" sizes=\"(max-width: 376px) 100vw, 376px\" \/>\t\t\t\t\t\t\t\t<\/a>\n\t\t\t\t\t\t\t\t\t\t\t\t\t\t\t<\/div>\n\t\t\t\t<\/div>\n\t\t\t\t<div class=\"elementor-element elementor-element-522a5eb elementor-widget elementor-widget-heading\" data-id=\"522a5eb\" data-element_type=\"widget\" data-e-type=\"widget\" data-widget_type=\"heading.default\">\n\t\t\t\t<div class=\"elementor-widget-container\">\n\t\t\t\t\t<h3 class=\"elementor-heading-title elementor-size-default\"><a href=\"https:\/\/harvestshare.aanhpihealth.org\/es\/resources\/recipes\/\">Recetas<\/a><\/h3>\t\t\t\t<\/div>\n\t\t\t\t<\/div>\n\t\t\t\t<div class=\"elementor-element elementor-element-bc314d8 elementor-widget elementor-widget-text-editor\" data-id=\"bc314d8\" data-element_type=\"widget\" data-e-type=\"widget\" data-widget_type=\"text-editor.default\">\n\t\t\t\t<div class=\"elementor-widget-container\">\n\t\t\t\t\t\t\t\t\t<p style=\"text-align: center;\"><span style=\"font-weight: 400;\">\u00bfNo est\u00e1 seguro de c\u00f3mo utilizar los productos que recibi\u00f3 en su CSA? Ning\u00fan problema. \u00a1Haga clic para explorar nuestras tarjetas de recetas!<\/span><\/p>\t\t\t\t\t\t\t\t<\/div>\n\t\t\t\t<\/div>\n\t\t\t\t\t<\/div>\n\t\t<\/div>\n\t\t\t\t<div class=\"elementor-column elementor-col-25 elementor-top-column elementor-element elementor-element-a11ccad\" data-id=\"a11ccad\" data-element_type=\"column\" data-e-type=\"column\" data-settings=\"{&quot;background_background&quot;:&quot;classic&quot;}\">\n\t\t\t<div class=\"elementor-widget-wrap elementor-element-populated\">\n\t\t\t\t\t\t<div class=\"elementor-element elementor-element-01c8ba9 elementor-widget elementor-widget-image\" data-id=\"01c8ba9\" data-element_type=\"widget\" data-e-type=\"widget\" data-widget_type=\"image.default\">\n\t\t\t\t<div class=\"elementor-widget-container\">\n\t\t\t\t\t\t\t\t\t\t\t\t\t\t\t\t<a href=\"https:\/\/harvestshare.aanhpihealth.org\/es\/resources\/newsletters\/\">\n\t\t\t\t\t\t\t<img decoding=\"async\" width=\"376\" height=\"376\" src=\"https:\/\/harvestshare.aanhpihealth.org\/wp-content\/uploads\/2024\/02\/newsletters-icon-r.png\" class=\"elementor-animation-grow attachment-large size-large wp-image-1415\" alt=\"\" srcset=\"https:\/\/harvestshare.aanhpihealth.org\/wp-content\/uploads\/2024\/02\/newsletters-icon-r.png 376w, https:\/\/harvestshare.aanhpihealth.org\/wp-content\/uploads\/2024\/02\/newsletters-icon-r-300x300.png 300w, https:\/\/harvestshare.aanhpihealth.org\/wp-content\/uploads\/2024\/02\/newsletters-icon-r-150x150.png 150w\" sizes=\"(max-width: 376px) 100vw, 376px\" \/>\t\t\t\t\t\t\t\t<\/a>\n\t\t\t\t\t\t\t\t\t\t\t\t\t\t\t<\/div>\n\t\t\t\t<\/div>\n\t\t\t\t<div class=\"elementor-element elementor-element-cfcd6ad elementor-widget elementor-widget-heading\" data-id=\"cfcd6ad\" data-element_type=\"widget\" data-e-type=\"widget\" data-widget_type=\"heading.default\">\n\t\t\t\t<div class=\"elementor-widget-container\">\n\t\t\t\t\t<h3 class=\"elementor-heading-title elementor-size-default\"><a href=\"https:\/\/harvestshare.aanhpihealth.org\/es\/resources\/newsletters\/\">Boletines<\/a><\/h3>\t\t\t\t<\/div>\n\t\t\t\t<\/div>\n\t\t\t\t<div class=\"elementor-element elementor-element-f06af67 elementor-widget elementor-widget-text-editor\" data-id=\"f06af67\" data-element_type=\"widget\" data-e-type=\"widget\" data-widget_type=\"text-editor.default\">\n\t\t\t\t<div class=\"elementor-widget-container\">\n\t\t\t\t\t\t\t\t\t<p style=\"text-align: center;\"><span style=\"font-weight: 400;\">\u00bfBusca formas de mantenerse conectado y actualizado sobre todo lo relacionado con Cosecha Colectiva? \u00a1Suscr\u00edbete a nuestro bolet\u00edn!<\/span><\/p>\t\t\t\t\t\t\t\t<\/div>\n\t\t\t\t<\/div>\n\t\t\t\t\t<\/div>\n\t\t<\/div>\n\t\t\t\t<div class=\"elementor-column elementor-col-25 elementor-top-column elementor-element elementor-element-db42112\" data-id=\"db42112\" data-element_type=\"column\" data-e-type=\"column\" data-settings=\"{&quot;background_background&quot;:&quot;classic&quot;}\">\n\t\t\t<div class=\"elementor-widget-wrap elementor-element-populated\">\n\t\t\t\t\t\t<div class=\"elementor-element elementor-element-6085f6e elementor-widget elementor-widget-image\" data-id=\"6085f6e\" data-element_type=\"widget\" data-e-type=\"widget\" data-widget_type=\"image.default\">\n\t\t\t\t<div class=\"elementor-widget-container\">\n\t\t\t\t\t\t\t\t\t\t\t\t\t\t\t\t<a href=\"https:\/\/harvestshare.aanhpihealth.org\/es\/resources\/nutrition\/\">\n\t\t\t\t\t\t\t<img decoding=\"async\" width=\"376\" height=\"376\" src=\"https:\/\/harvestshare.aanhpihealth.org\/wp-content\/uploads\/2024\/02\/nutrition-icon-r.png\" class=\"elementor-animation-grow attachment-large size-large wp-image-1416\" alt=\"\" srcset=\"https:\/\/harvestshare.aanhpihealth.org\/wp-content\/uploads\/2024\/02\/nutrition-icon-r.png 376w, https:\/\/harvestshare.aanhpihealth.org\/wp-content\/uploads\/2024\/02\/nutrition-icon-r-300x300.png 300w, https:\/\/harvestshare.aanhpihealth.org\/wp-content\/uploads\/2024\/02\/nutrition-icon-r-150x150.png 150w\" sizes=\"(max-width: 376px) 100vw, 376px\" \/>\t\t\t\t\t\t\t\t<\/a>\n\t\t\t\t\t\t\t\t\t\t\t\t\t\t\t<\/div>\n\t\t\t\t<\/div>\n\t\t\t\t<div class=\"elementor-element elementor-element-568b2fd elementor-widget elementor-widget-heading\" data-id=\"568b2fd\" data-element_type=\"widget\" data-e-type=\"widget\" data-widget_type=\"heading.default\">\n\t\t\t\t<div class=\"elementor-widget-container\">\n\t\t\t\t\t<h3 class=\"elementor-heading-title elementor-size-default\"><a href=\"https:\/\/harvestshare.aanhpihealth.org\/es\/resources\/nutrition\/\">Nutrici\u00f3n<\/a><\/h3>\t\t\t\t<\/div>\n\t\t\t\t<\/div>\n\t\t\t\t<div class=\"elementor-element elementor-element-948edd4 elementor-widget elementor-widget-text-editor\" data-id=\"948edd4\" data-element_type=\"widget\" data-e-type=\"widget\" data-widget_type=\"text-editor.default\">\n\t\t\t\t<div class=\"elementor-widget-container\">\n\t\t\t\t\t\t\t\t\t<p style=\"text-align: center;\"><span style=\"font-weight: 400;\">\u00a1Cosecha Colectiva crea hojas de informaci\u00f3n nutricional para su uso! Todos los recursos nutricionales est\u00e1n adaptados cultural y ling\u00fc\u00edsticamente y fomentan un enfoque multigeneracional hacia h\u00e1bitos alimentarios saludables en el hogar al tiempo que incorporan consideraciones sobre el costo de los alimentos y el acceso al vecindario. Haga clic aqu\u00ed para encontrar nuestros recursos de nutrici\u00f3n.<\/span><\/p>\t\t\t\t\t\t\t\t<\/div>\n\t\t\t\t<\/div>\n\t\t\t\t\t<\/div>\n\t\t<\/div>\n\t\t\t\t<div class=\"elementor-column elementor-col-25 elementor-top-column elementor-element elementor-element-bdca15d\" data-id=\"bdca15d\" data-element_type=\"column\" data-e-type=\"column\" data-settings=\"{&quot;background_background&quot;:&quot;classic&quot;}\">\n\t\t\t<div class=\"elementor-widget-wrap elementor-element-populated\">\n\t\t\t\t\t\t<div class=\"elementor-element elementor-element-fa97a1e elementor-widget elementor-widget-image\" data-id=\"fa97a1e\" data-element_type=\"widget\" data-e-type=\"widget\" data-widget_type=\"image.default\">\n\t\t\t\t<div class=\"elementor-widget-container\">\n\t\t\t\t\t\t\t\t\t\t\t\t\t\t\t\t<a href=\"https:\/\/harvestshare.aanhpihealth.org\/es\/resources\/related-resources\/\">\n\t\t\t\t\t\t\t<img loading=\"lazy\" decoding=\"async\" width=\"376\" height=\"376\" src=\"https:\/\/harvestshare.aanhpihealth.org\/wp-content\/uploads\/2024\/02\/relateeresources-icon-r.png\" class=\"elementor-animation-grow attachment-large size-large wp-image-1417\" alt=\"\" srcset=\"https:\/\/harvestshare.aanhpihealth.org\/wp-content\/uploads\/2024\/02\/relateeresources-icon-r.png 376w, https:\/\/harvestshare.aanhpihealth.org\/wp-content\/uploads\/2024\/02\/relateeresources-icon-r-300x300.png 300w, https:\/\/harvestshare.aanhpihealth.org\/wp-content\/uploads\/2024\/02\/relateeresources-icon-r-150x150.png 150w\" sizes=\"(max-width: 376px) 100vw, 376px\" \/>\t\t\t\t\t\t\t\t<\/a>\n\t\t\t\t\t\t\t\t\t\t\t\t\t\t\t<\/div>\n\t\t\t\t<\/div>\n\t\t\t\t<div class=\"elementor-element elementor-element-e328174 elementor-widget elementor-widget-heading\" data-id=\"e328174\" data-element_type=\"widget\" data-e-type=\"widget\" data-widget_type=\"heading.default\">\n\t\t\t\t<div class=\"elementor-widget-container\">\n\t\t\t\t\t<h3 class=\"elementor-heading-title elementor-size-default\"><a href=\"https:\/\/harvestshare.aanhpihealth.org\/es\/resources\/related-resources\/\">Recursos Relacionados<\/a><\/h3>\t\t\t\t<\/div>\n\t\t\t\t<\/div>\n\t\t\t\t<div class=\"elementor-element elementor-element-e32813f elementor-widget elementor-widget-text-editor\" data-id=\"e32813f\" data-element_type=\"widget\" data-e-type=\"widget\" data-widget_type=\"text-editor.default\">\n\t\t\t\t<div class=\"elementor-widget-container\">\n\t\t\t\t\t\t\t\t\t<p class=\"p1\" style=\"text-align: center;\"><span style=\"font-weight: 400;\">\u00bfQuiere m\u00e1s informaci\u00f3n sobre los datos de inscripci\u00f3n a SNAP y WIC? \u00bfO recursos relacionados con la jardiner\u00eda? Cosecha Colectiva tiene una variedad de otras hojas de informaci\u00f3n; haga clic aqu\u00ed para obtener m\u00e1s informaci\u00f3n.<\/span><\/p>\t\t\t\t\t\t\t\t<\/div>\n\t\t\t\t<\/div>\n\t\t\t\t\t<\/div>\n\t\t<\/div>\n\t\t\t\t\t<\/div>\n\t\t<\/section>\n\t\t\t\t<\/div>\n\t\t","protected":false},"excerpt":{"rendered":"<p>RECURSOS Recetas \u00bfNo est\u00e1 seguro de c\u00f3mo utilizar los productos que recibi\u00f3 en su CSA? Ning\u00fan problema. \u00a1Haga clic para explorar nuestras tarjetas de recetas! Boletines \u00bfBusca formas de mantenerse conectado y actualizado sobre todo lo relacionado con Cosecha Colectiva? \u00a1Suscr\u00edbete a nuestro bolet\u00edn! Nutrici\u00f3n \u00a1Cosecha Colectiva crea hojas de informaci\u00f3n nutricional para su uso! [&hellip;]<\/p>\n","protected":false},"author":1,"featured_media":0,"parent":0,"menu_order":0,"comment_status":"closed","ping_status":"closed","template":"elementor_header_footer","meta":{"_acf_changed":false,"nf_dc_page":"","footnotes":""},"class_list":["post-4428","page","type-page","status-publish","hentry"],"acf":[],"yoast_head":"<!-- This site is optimized with the Yoast SEO plugin v27.4 - https:\/\/yoast.com\/product\/yoast-seo-wordpress\/ -->\n<title>HARVEST SHARE - Our Communities, Our Foods<\/title>\n<meta name=\"description\" content=\"Our Communities, Our Foods\" \/>\n<meta name=\"robots\" content=\"index, follow, max-snippet:-1, max-image-preview:large, max-video-preview:-1\" \/>\n<link rel=\"canonical\" href=\"https:\/\/harvestshare.aanhpihealth.org\/es\/resources\/\" \/>\n<meta property=\"og:locale\" content=\"es_ES\" \/>\n<meta property=\"og:type\" content=\"article\" \/>\n<meta property=\"og:title\" content=\"HARVEST SHARE - Our Communities, Our Foods\" \/>\n<meta property=\"og:description\" content=\"Our Communities, Our Foods\" \/>\n<meta property=\"og:url\" content=\"https:\/\/harvestshare.aanhpihealth.org\/es\/resources\/\" \/>\n<meta property=\"og:site_name\" content=\"HARVEST SHARE\" \/>\n<meta property=\"article:modified_time\" content=\"2024-03-27T15:15:55+00:00\" \/>\n<meta property=\"og:image\" content=\"https:\/\/harvestshare.aanhpihealth.org\/wp-content\/uploads\/2024\/02\/recipes-icon-r.png\" \/>\n<meta name=\"twitter:card\" content=\"summary_large_image\" \/>\n<meta name=\"twitter:label1\" content=\"Tiempo de lectura\" \/>\n\t<meta name=\"twitter:data1\" content=\"2 minutos\" \/>\n<script type=\"application\/ld+json\" class=\"yoast-schema-graph\">{\"@context\":\"https:\\\/\\\/schema.org\",\"@graph\":[{\"@type\":\"WebPage\",\"@id\":\"https:\\\/\\\/harvestshare.aanhpihealth.org\\\/es\\\/resources\\\/\",\"url\":\"https:\\\/\\\/harvestshare.aanhpihealth.org\\\/es\\\/resources\\\/\",\"name\":\"HARVEST SHARE - Our Communities, Our Foods\",\"isPartOf\":{\"@id\":\"https:\\\/\\\/harvestshare.aanhpihealth.org\\\/es\\\/#website\"},\"primaryImageOfPage\":{\"@id\":\"https:\\\/\\\/harvestshare.aanhpihealth.org\\\/es\\\/resources\\\/#primaryimage\"},\"image\":{\"@id\":\"https:\\\/\\\/harvestshare.aanhpihealth.org\\\/es\\\/resources\\\/#primaryimage\"},\"thumbnailUrl\":\"https:\\\/\\\/harvestshare.aanhpihealth.org\\\/wp-content\\\/uploads\\\/2024\\\/02\\\/recipes-icon-r.png\",\"datePublished\":\"2024-02-21T18:05:57+00:00\",\"dateModified\":\"2024-03-27T15:15:55+00:00\",\"description\":\"Our Communities, Our Foods\",\"breadcrumb\":{\"@id\":\"https:\\\/\\\/harvestshare.aanhpihealth.org\\\/es\\\/resources\\\/#breadcrumb\"},\"inLanguage\":\"es\",\"potentialAction\":[{\"@type\":\"ReadAction\",\"target\":[\"https:\\\/\\\/harvestshare.aanhpihealth.org\\\/es\\\/resources\\\/\"]}]},{\"@type\":\"ImageObject\",\"inLanguage\":\"es\",\"@id\":\"https:\\\/\\\/harvestshare.aanhpihealth.org\\\/es\\\/resources\\\/#primaryimage\",\"url\":\"https:\\\/\\\/harvestshare.aanhpihealth.org\\\/wp-content\\\/uploads\\\/2024\\\/02\\\/recipes-icon-r.png\",\"contentUrl\":\"https:\\\/\\\/harvestshare.aanhpihealth.org\\\/wp-content\\\/uploads\\\/2024\\\/02\\\/recipes-icon-r.png\"},{\"@type\":\"BreadcrumbList\",\"@id\":\"https:\\\/\\\/harvestshare.aanhpihealth.org\\\/es\\\/resources\\\/#breadcrumb\",\"itemListElement\":[{\"@type\":\"ListItem\",\"position\":1,\"name\":\"Home\",\"item\":\"https:\\\/\\\/harvestshare.aanhpihealth.org\\\/es\\\/\"},{\"@type\":\"ListItem\",\"position\":2,\"name\":\"Resources\"}]},{\"@type\":\"WebSite\",\"@id\":\"https:\\\/\\\/harvestshare.aanhpihealth.org\\\/es\\\/#website\",\"url\":\"https:\\\/\\\/harvestshare.aanhpihealth.org\\\/es\\\/\",\"name\":\"HARVEST SHARE\",\"description\":\"Our Communities, Our Foods\",\"publisher\":{\"@id\":\"https:\\\/\\\/harvestshare.aanhpihealth.org\\\/es\\\/#organization\"},\"potentialAction\":[{\"@type\":\"SearchAction\",\"target\":{\"@type\":\"EntryPoint\",\"urlTemplate\":\"https:\\\/\\\/harvestshare.aanhpihealth.org\\\/es\\\/?s={search_term_string}\"},\"query-input\":{\"@type\":\"PropertyValueSpecification\",\"valueRequired\":true,\"valueName\":\"search_term_string\"}}],\"inLanguage\":\"es\"},{\"@type\":\"Organization\",\"@id\":\"https:\\\/\\\/harvestshare.aanhpihealth.org\\\/es\\\/#organization\",\"name\":\"HARVEST SHARE\",\"url\":\"https:\\\/\\\/harvestshare.aanhpihealth.org\\\/es\\\/\",\"logo\":{\"@type\":\"ImageObject\",\"inLanguage\":\"es\",\"@id\":\"https:\\\/\\\/harvestshare.aanhpihealth.org\\\/es\\\/#\\\/schema\\\/logo\\\/image\\\/\",\"url\":\"https:\\\/\\\/harvestshare.aanhpihealth.org\\\/wp-content\\\/uploads\\\/2024\\\/02\\\/cropped-harvestshare_logo.jpg\",\"contentUrl\":\"https:\\\/\\\/harvestshare.aanhpihealth.org\\\/wp-content\\\/uploads\\\/2024\\\/02\\\/cropped-harvestshare_logo.jpg\",\"width\":238,\"height\":38,\"caption\":\"HARVEST SHARE\"},\"image\":{\"@id\":\"https:\\\/\\\/harvestshare.aanhpihealth.org\\\/es\\\/#\\\/schema\\\/logo\\\/image\\\/\"}}]}<\/script>\n<!-- \/ Yoast SEO plugin. -->","yoast_head_json":{"title":"HARVEST SHARE - Our Communities, Our Foods","description":"Our Communities, Our Foods","robots":{"index":"index","follow":"follow","max-snippet":"max-snippet:-1","max-image-preview":"max-image-preview:large","max-video-preview":"max-video-preview:-1"},"canonical":"https:\/\/harvestshare.aanhpihealth.org\/es\/resources\/","og_locale":"es_ES","og_type":"article","og_title":"HARVEST SHARE - Our Communities, Our Foods","og_description":"Our Communities, Our Foods","og_url":"https:\/\/harvestshare.aanhpihealth.org\/es\/resources\/","og_site_name":"HARVEST SHARE","article_modified_time":"2024-03-27T15:15:55+00:00","og_image":[{"url":"https:\/\/harvestshare.aanhpihealth.org\/wp-content\/uploads\/2024\/02\/recipes-icon-r.png","type":"","width":"","height":""}],"twitter_card":"summary_large_image","twitter_misc":{"Tiempo de lectura":"2 minutos"},"schema":{"@context":"https:\/\/schema.org","@graph":[{"@type":"WebPage","@id":"https:\/\/harvestshare.aanhpihealth.org\/es\/resources\/","url":"https:\/\/harvestshare.aanhpihealth.org\/es\/resources\/","name":"HARVEST SHARE - Our Communities, Our Foods","isPartOf":{"@id":"https:\/\/harvestshare.aanhpihealth.org\/es\/#website"},"primaryImageOfPage":{"@id":"https:\/\/harvestshare.aanhpihealth.org\/es\/resources\/#primaryimage"},"image":{"@id":"https:\/\/harvestshare.aanhpihealth.org\/es\/resources\/#primaryimage"},"thumbnailUrl":"https:\/\/harvestshare.aanhpihealth.org\/wp-content\/uploads\/2024\/02\/recipes-icon-r.png","datePublished":"2024-02-21T18:05:57+00:00","dateModified":"2024-03-27T15:15:55+00:00","description":"Our Communities, Our Foods","breadcrumb":{"@id":"https:\/\/harvestshare.aanhpihealth.org\/es\/resources\/#breadcrumb"},"inLanguage":"es","potentialAction":[{"@type":"ReadAction","target":["https:\/\/harvestshare.aanhpihealth.org\/es\/resources\/"]}]},{"@type":"ImageObject","inLanguage":"es","@id":"https:\/\/harvestshare.aanhpihealth.org\/es\/resources\/#primaryimage","url":"https:\/\/harvestshare.aanhpihealth.org\/wp-content\/uploads\/2024\/02\/recipes-icon-r.png","contentUrl":"https:\/\/harvestshare.aanhpihealth.org\/wp-content\/uploads\/2024\/02\/recipes-icon-r.png"},{"@type":"BreadcrumbList","@id":"https:\/\/harvestshare.aanhpihealth.org\/es\/resources\/#breadcrumb","itemListElement":[{"@type":"ListItem","position":1,"name":"Home","item":"https:\/\/harvestshare.aanhpihealth.org\/es\/"},{"@type":"ListItem","position":2,"name":"Resources"}]},{"@type":"WebSite","@id":"https:\/\/harvestshare.aanhpihealth.org\/es\/#website","url":"https:\/\/harvestshare.aanhpihealth.org\/es\/","name":"HARVEST SHARE","description":"Our Communities, Our Foods","publisher":{"@id":"https:\/\/harvestshare.aanhpihealth.org\/es\/#organization"},"potentialAction":[{"@type":"SearchAction","target":{"@type":"EntryPoint","urlTemplate":"https:\/\/harvestshare.aanhpihealth.org\/es\/?s={search_term_string}"},"query-input":{"@type":"PropertyValueSpecification","valueRequired":true,"valueName":"search_term_string"}}],"inLanguage":"es"},{"@type":"Organization","@id":"https:\/\/harvestshare.aanhpihealth.org\/es\/#organization","name":"HARVEST SHARE","url":"https:\/\/harvestshare.aanhpihealth.org\/es\/","logo":{"@type":"ImageObject","inLanguage":"es","@id":"https:\/\/harvestshare.aanhpihealth.org\/es\/#\/schema\/logo\/image\/","url":"https:\/\/harvestshare.aanhpihealth.org\/wp-content\/uploads\/2024\/02\/cropped-harvestshare_logo.jpg","contentUrl":"https:\/\/harvestshare.aanhpihealth.org\/wp-content\/uploads\/2024\/02\/cropped-harvestshare_logo.jpg","width":238,"height":38,"caption":"HARVEST SHARE"},"image":{"@id":"https:\/\/harvestshare.aanhpihealth.org\/es\/#\/schema\/logo\/image\/"}}]}},"_links":{"self":[{"href":"https:\/\/harvestshare.aanhpihealth.org\/es\/wp-json\/wp\/v2\/pages\/4428","targetHints":{"allow":["GET"]}}],"collection":[{"href":"https:\/\/harvestshare.aanhpihealth.org\/es\/wp-json\/wp\/v2\/pages"}],"about":[{"href":"https:\/\/harvestshare.aanhpihealth.org\/es\/wp-json\/wp\/v2\/types\/page"}],"author":[{"embeddable":true,"href":"https:\/\/harvestshare.aanhpihealth.org\/es\/wp-json\/wp\/v2\/users\/1"}],"replies":[{"embeddable":true,"href":"https:\/\/harvestshare.aanhpihealth.org\/es\/wp-json\/wp\/v2\/comments?post=4428"}],"version-history":[{"count":5,"href":"https:\/\/harvestshare.aanhpihealth.org\/es\/wp-json\/wp\/v2\/pages\/4428\/revisions"}],"predecessor-version":[{"id":5997,"href":"https:\/\/harvestshare.aanhpihealth.org\/es\/wp-json\/wp\/v2\/pages\/4428\/revisions\/5997"}],"wp:attachment":[{"href":"https:\/\/harvestshare.aanhpihealth.org\/es\/wp-json\/wp\/v2\/media?parent=4428"}],"curies":[{"name":"wp","href":"https:\/\/api.w.org\/{rel}","templated":true}]}}