{"id":4440,"date":"2024-02-21T20:29:53","date_gmt":"2024-02-21T20:29:53","guid":{"rendered":"https:\/\/harvestshare.aanhpihealth.org\/staging\/2484\/resources\/nutrition\/"},"modified":"2024-03-27T15:16:46","modified_gmt":"2024-03-27T15:16:46","slug":"nutrition","status":"publish","type":"page","link":"https:\/\/harvestshare.aanhpihealth.org\/es\/resources\/nutrition\/","title":{"rendered":"NUTRITION"},"content":{"rendered":"\t\t<div data-elementor-type=\"wp-page\" data-elementor-id=\"4440\" class=\"elementor elementor-4440 elementor-1436\">\n\t\t\t\t\t\t<section class=\"elementor-section elementor-top-section elementor-element elementor-element-64572b5 elementor-section-boxed elementor-section-height-default elementor-section-height-default\" data-id=\"64572b5\" data-element_type=\"section\" data-e-type=\"section\" data-settings=\"{&quot;background_background&quot;:&quot;classic&quot;}\">\n\t\t\t\t\t\t<div class=\"elementor-container elementor-column-gap-default\">\n\t\t\t\t\t<div class=\"elementor-column elementor-col-100 elementor-top-column elementor-element elementor-element-fce0200\" data-id=\"fce0200\" data-element_type=\"column\" data-e-type=\"column\" data-settings=\"{&quot;background_background&quot;:&quot;classic&quot;}\">\n\t\t\t<div class=\"elementor-widget-wrap elementor-element-populated\">\n\t\t\t\t\t\t<div class=\"elementor-element elementor-element-78ac771 elementor-widget elementor-widget-heading\" data-id=\"78ac771\" data-element_type=\"widget\" data-e-type=\"widget\" data-widget_type=\"heading.default\">\n\t\t\t\t<div class=\"elementor-widget-container\">\n\t\t\t\t\t<h2 class=\"elementor-heading-title elementor-size-default\">Nutrici\u00f3n<\/h2>\t\t\t\t<\/div>\n\t\t\t\t<\/div>\n\t\t\t\t\t<\/div>\n\t\t<\/div>\n\t\t\t\t\t<\/div>\n\t\t<\/section>\n\t\t\t\t<section class=\"elementor-section elementor-top-section elementor-element elementor-element-7325eaa elementor-section-boxed elementor-section-height-default elementor-section-height-default\" data-id=\"7325eaa\" data-element_type=\"section\" data-e-type=\"section\" data-settings=\"{&quot;background_background&quot;:&quot;classic&quot;}\">\n\t\t\t\t\t\t<div class=\"elementor-container elementor-column-gap-default\">\n\t\t\t\t\t<div class=\"elementor-column elementor-col-50 elementor-top-column elementor-element elementor-element-67ace75\" data-id=\"67ace75\" data-element_type=\"column\" data-e-type=\"column\">\n\t\t\t<div class=\"elementor-widget-wrap elementor-element-populated\">\n\t\t\t\t\t\t<div class=\"elementor-element elementor-element-127d520 elementor-widget elementor-widget-image\" data-id=\"127d520\" data-element_type=\"widget\" data-e-type=\"widget\" data-widget_type=\"image.default\">\n\t\t\t\t<div class=\"elementor-widget-container\">\n\t\t\t\t\t\t\t\t\t\t\t\t\t\t\t<img fetchpriority=\"high\" decoding=\"async\" width=\"610\" height=\"610\" src=\"https:\/\/harvestshare.aanhpihealth.org\/wp-content\/uploads\/2024\/03\/nutrition-c.jpg\" class=\"attachment-large size-large wp-image-2922\" alt=\"\" srcset=\"https:\/\/harvestshare.aanhpihealth.org\/wp-content\/uploads\/2024\/03\/nutrition-c.jpg 610w, https:\/\/harvestshare.aanhpihealth.org\/wp-content\/uploads\/2024\/03\/nutrition-c-300x300.jpg 300w, https:\/\/harvestshare.aanhpihealth.org\/wp-content\/uploads\/2024\/03\/nutrition-c-150x150.jpg 150w\" sizes=\"(max-width: 610px) 100vw, 610px\" \/>\t\t\t\t\t\t\t\t\t\t\t\t\t\t\t<\/div>\n\t\t\t\t<\/div>\n\t\t\t\t\t<\/div>\n\t\t<\/div>\n\t\t\t\t<div class=\"elementor-column elementor-col-50 elementor-top-column elementor-element elementor-element-10f080c\" data-id=\"10f080c\" data-element_type=\"column\" data-e-type=\"column\">\n\t\t\t<div class=\"elementor-widget-wrap elementor-element-populated\">\n\t\t\t\t\t\t<div class=\"elementor-element elementor-element-cec20f4 elementor-widget elementor-widget-heading\" data-id=\"cec20f4\" data-element_type=\"widget\" data-e-type=\"widget\" data-widget_type=\"heading.default\">\n\t\t\t\t<div class=\"elementor-widget-container\">\n\t\t\t\t\t<h3 class=\"elementor-heading-title elementor-size-default\">CARING (Gu\u00eda de nutrici\u00f3n intergeneracional r\u00e1pida, cultural y econ\u00f3micamente apropiada) de Cosecha Colectiva es un programa de educaci\u00f3n nutricional adaptado cultural y ling\u00fc\u00edsticamente para familias inmigrantes en la ciudad de Nueva York. CARING fue creado por el Departamento de Salud Poblacional de la Facultad de Medicina Grossman de la Universidad de Nueva York en colaboraci\u00f3n con organizaciones comunitarias que han destacado brechas significativas en los programas de educaci\u00f3n nutricional para toda la familia y la falta de alimentos culturalmente familiares proporcionados a trav\u00e9s de los programas de asistencia alimentaria de la Ciudad de Nueva York. CARING ofrece talleres y materiales que fomentan un enfoque multigeneracional hacia h\u00e1bitos alimentarios saludables en el hogar. \u00a1A continuaci\u00f3n se encuentran nuestros \u00fatiles folletos de CARING!<\/h3>\t\t\t\t<\/div>\n\t\t\t\t<\/div>\n\t\t\t\t\t<\/div>\n\t\t<\/div>\n\t\t\t\t\t<\/div>\n\t\t<\/section>\n\t\t\t\t<section class=\"elementor-section elementor-top-section elementor-element elementor-element-de9758c elementor-section-boxed elementor-section-height-default elementor-section-height-default\" data-id=\"de9758c\" data-element_type=\"section\" data-e-type=\"section\" data-settings=\"{&quot;background_background&quot;:&quot;classic&quot;}\">\n\t\t\t\t\t\t<div class=\"elementor-container elementor-column-gap-default\">\n\t\t\t\t\t<div class=\"elementor-column elementor-col-100 elementor-top-column elementor-element elementor-element-f2efe6c\" data-id=\"f2efe6c\" data-element_type=\"column\" data-e-type=\"column\">\n\t\t\t<div class=\"elementor-widget-wrap elementor-element-populated\">\n\t\t\t\t\t\t<div class=\"elementor-element elementor-element-9bfe9b6 elementor-widget elementor-widget-heading\" data-id=\"9bfe9b6\" data-element_type=\"widget\" data-e-type=\"widget\" data-widget_type=\"heading.default\">\n\t\t\t\t<div class=\"elementor-widget-container\">\n\t\t\t\t\t<h4 class=\"elementor-heading-title elementor-size-default\"><a href=\"https:\/\/harvestshare.aanhpihealth.org\/wp-content\/uploads\/2024\/03\/Whats-in-Season-NY_spanish.pdf\" target=\"_blank\">Qu\u00e9 hay de temporada - Nueva York<\/a><\/h4>\t\t\t\t<\/div>\n\t\t\t\t<\/div>\n\t\t\t\t<div class=\"elementor-element elementor-element-bb7507a elementor-widget elementor-widget-heading\" data-id=\"bb7507a\" data-element_type=\"widget\" data-e-type=\"widget\" data-widget_type=\"heading.default\">\n\t\t\t\t<div class=\"elementor-widget-container\">\n\t\t\t\t\t<h4 class=\"elementor-heading-title elementor-size-default\"><a href=\"https:\/\/harvestshare.aanhpihealth.org\/wp-content\/uploads\/2024\/03\/What-can-I-change-in-my-recipe-Latino-Adaptation-Spanish-Version_ss.docx\" target=\"_blank\">\u00bfQu\u00e9 puedo cambiar en mi receta?<\/a><\/h4>\t\t\t\t<\/div>\n\t\t\t\t<\/div>\n\t\t\t\t<div class=\"elementor-element elementor-element-69eba2d elementor-widget elementor-widget-heading\" data-id=\"69eba2d\" data-element_type=\"widget\" data-e-type=\"widget\" data-widget_type=\"heading.default\">\n\t\t\t\t<div class=\"elementor-widget-container\">\n\t\t\t\t\t<h4 class=\"elementor-heading-title elementor-size-default\"><a href=\"https:\/\/harvestshare.aanhpihealth.org\/wp-content\/uploads\/2024\/03\/Spanish-serving-size-in-hand-horizontal.pdf\" target=\"_blank\">El secreto del tama\u00f1o de la porci\u00f3n est\u00e1 en tu mano.<\/a><\/h4>\t\t\t\t<\/div>\n\t\t\t\t<\/div>\n\t\t\t\t<div class=\"elementor-element elementor-element-0c2de7b elementor-widget elementor-widget-heading\" data-id=\"0c2de7b\" data-element_type=\"widget\" data-e-type=\"widget\" data-widget_type=\"heading.default\">\n\t\t\t\t<div class=\"elementor-widget-container\">\n\t\t\t\t\t<h4 class=\"elementor-heading-title elementor-size-default\"><a href=\"https:\/\/harvestshare.aanhpihealth.org\/wp-content\/uploads\/2024\/03\/A-Meal-Plan-Guide_Spanish.docx\" target=\"_blank\">Una gu\u00eda del plan de comidas<\/a><\/h4>\t\t\t\t<\/div>\n\t\t\t\t<\/div>\n\t\t\t\t<div class=\"elementor-element elementor-element-3483a3a elementor-widget elementor-widget-heading\" data-id=\"3483a3a\" data-element_type=\"widget\" data-e-type=\"widget\" data-widget_type=\"heading.default\">\n\t\t\t\t<div class=\"elementor-widget-container\">\n\t\t\t\t\t<h4 class=\"elementor-heading-title elementor-size-default\"><a href=\"https:\/\/harvestshare.aanhpihealth.org\/wp-content\/uploads\/2024\/03\/How-to-read-nutrition-facts-label.pdf\" target=\"_blank\">\u00bfC\u00f3mo leer la etiqueta de informaci\u00f3n nutricional?<\/a><\/h4>\t\t\t\t<\/div>\n\t\t\t\t<\/div>\n\t\t\t\t<div class=\"elementor-element elementor-element-8b6bb0c elementor-widget elementor-widget-heading\" data-id=\"8b6bb0c\" data-element_type=\"widget\" data-e-type=\"widget\" data-widget_type=\"heading.default\">\n\t\t\t\t<div class=\"elementor-widget-container\">\n\t\t\t\t\t<h4 class=\"elementor-heading-title elementor-size-default\"><a href=\"https:\/\/harvestshare.aanhpihealth.org\/wp-content\/uploads\/2024\/03\/Salt-Reduction-Guide-for-Parents_Spanish.pdf\" target=\"_blank\">Gu\u00eda de reducci\u00f3n de sal para padres<\/a><\/h4>\t\t\t\t<\/div>\n\t\t\t\t<\/div>\n\t\t\t\t<div class=\"elementor-element elementor-element-4d386af elementor-widget elementor-widget-heading\" data-id=\"4d386af\" data-element_type=\"widget\" data-e-type=\"widget\" data-widget_type=\"heading.default\">\n\t\t\t\t<div class=\"elementor-widget-container\">\n\t\t\t\t\t<h4 class=\"elementor-heading-title elementor-size-default\"><a href=\"https:\/\/harvestshare.aanhpihealth.org\/wp-content\/uploads\/2024\/03\/Freezing-FV-Guide_Spanish.docx\" target=\"_blank\">Una gu\u00eda para congelar frutas y verduras<\/a><\/h4>\t\t\t\t<\/div>\n\t\t\t\t<\/div>\n\t\t\t\t\t<\/div>\n\t\t<\/div>\n\t\t\t\t\t<\/div>\n\t\t<\/section>\n\t\t\t\t<\/div>\n\t\t","protected":false},"excerpt":{"rendered":"<p>Nutrici\u00f3n CARING (Gu\u00eda de nutrici\u00f3n intergeneracional r\u00e1pida, cultural y econ\u00f3micamente apropiada) de Cosecha Colectiva es un programa de educaci\u00f3n nutricional adaptado cultural y ling\u00fc\u00edsticamente para familias inmigrantes en la ciudad de Nueva York. CARING fue creado por el Departamento de Salud Poblacional de la Facultad de Medicina Grossman de la Universidad de Nueva York en [&hellip;]<\/p>\n","protected":false},"author":1,"featured_media":0,"parent":4428,"menu_order":0,"comment_status":"closed","ping_status":"closed","template":"elementor_header_footer","meta":{"_acf_changed":false,"nf_dc_page":"","footnotes":""},"class_list":["post-4440","page","type-page","status-publish","hentry"],"acf":[],"yoast_head":"<!-- This site is optimized with the Yoast SEO plugin v27.4 - https:\/\/yoast.com\/product\/yoast-seo-wordpress\/ -->\n<title>HARVEST SHARE - Our Communities, Our Foods<\/title>\n<meta name=\"description\" content=\"Our Communities, Our Foods\" \/>\n<meta name=\"robots\" content=\"index, follow, max-snippet:-1, max-image-preview:large, max-video-preview:-1\" \/>\n<link rel=\"canonical\" href=\"https:\/\/harvestshare.aanhpihealth.org\/es\/resources\/nutrition\/\" \/>\n<meta property=\"og:locale\" content=\"es_ES\" \/>\n<meta property=\"og:type\" content=\"article\" \/>\n<meta property=\"og:title\" content=\"HARVEST SHARE - Our Communities, Our Foods\" \/>\n<meta property=\"og:description\" content=\"Our Communities, Our Foods\" \/>\n<meta property=\"og:url\" content=\"https:\/\/harvestshare.aanhpihealth.org\/es\/resources\/nutrition\/\" \/>\n<meta property=\"og:site_name\" content=\"HARVEST SHARE\" \/>\n<meta property=\"article:modified_time\" content=\"2024-03-27T15:16:46+00:00\" \/>\n<meta property=\"og:image\" content=\"https:\/\/harvestshare.aanhpihealth.org\/wp-content\/uploads\/2024\/03\/nutrition-c.jpg\" \/>\n<meta name=\"twitter:card\" content=\"summary_large_image\" \/>\n<meta name=\"twitter:label1\" content=\"Tiempo de lectura\" \/>\n\t<meta name=\"twitter:data1\" content=\"1 minuto\" \/>\n<script type=\"application\/ld+json\" class=\"yoast-schema-graph\">{\"@context\":\"https:\\\/\\\/schema.org\",\"@graph\":[{\"@type\":\"WebPage\",\"@id\":\"https:\\\/\\\/harvestshare.aanhpihealth.org\\\/es\\\/resources\\\/nutrition\\\/\",\"url\":\"https:\\\/\\\/harvestshare.aanhpihealth.org\\\/es\\\/resources\\\/nutrition\\\/\",\"name\":\"HARVEST SHARE - Our Communities, Our Foods\",\"isPartOf\":{\"@id\":\"https:\\\/\\\/harvestshare.aanhpihealth.org\\\/es\\\/#website\"},\"primaryImageOfPage\":{\"@id\":\"https:\\\/\\\/harvestshare.aanhpihealth.org\\\/es\\\/resources\\\/nutrition\\\/#primaryimage\"},\"image\":{\"@id\":\"https:\\\/\\\/harvestshare.aanhpihealth.org\\\/es\\\/resources\\\/nutrition\\\/#primaryimage\"},\"thumbnailUrl\":\"https:\\\/\\\/harvestshare.aanhpihealth.org\\\/wp-content\\\/uploads\\\/2024\\\/03\\\/nutrition-c.jpg\",\"datePublished\":\"2024-02-21T20:29:53+00:00\",\"dateModified\":\"2024-03-27T15:16:46+00:00\",\"description\":\"Our Communities, Our Foods\",\"breadcrumb\":{\"@id\":\"https:\\\/\\\/harvestshare.aanhpihealth.org\\\/es\\\/resources\\\/nutrition\\\/#breadcrumb\"},\"inLanguage\":\"es\",\"potentialAction\":[{\"@type\":\"ReadAction\",\"target\":[\"https:\\\/\\\/harvestshare.aanhpihealth.org\\\/es\\\/resources\\\/nutrition\\\/\"]}]},{\"@type\":\"ImageObject\",\"inLanguage\":\"es\",\"@id\":\"https:\\\/\\\/harvestshare.aanhpihealth.org\\\/es\\\/resources\\\/nutrition\\\/#primaryimage\",\"url\":\"https:\\\/\\\/harvestshare.aanhpihealth.org\\\/wp-content\\\/uploads\\\/2024\\\/03\\\/nutrition-c.jpg\",\"contentUrl\":\"https:\\\/\\\/harvestshare.aanhpihealth.org\\\/wp-content\\\/uploads\\\/2024\\\/03\\\/nutrition-c.jpg\"},{\"@type\":\"BreadcrumbList\",\"@id\":\"https:\\\/\\\/harvestshare.aanhpihealth.org\\\/es\\\/resources\\\/nutrition\\\/#breadcrumb\",\"itemListElement\":[{\"@type\":\"ListItem\",\"position\":1,\"name\":\"Home\",\"item\":\"https:\\\/\\\/harvestshare.aanhpihealth.org\\\/es\\\/\"},{\"@type\":\"ListItem\",\"position\":2,\"name\":\"Resources\",\"item\":\"https:\\\/\\\/harvestshare.aanhpihealth.org\\\/es\\\/resources\\\/\"},{\"@type\":\"ListItem\",\"position\":3,\"name\":\"NUTRITION\"}]},{\"@type\":\"WebSite\",\"@id\":\"https:\\\/\\\/harvestshare.aanhpihealth.org\\\/es\\\/#website\",\"url\":\"https:\\\/\\\/harvestshare.aanhpihealth.org\\\/es\\\/\",\"name\":\"HARVEST SHARE\",\"description\":\"Our Communities, Our Foods\",\"publisher\":{\"@id\":\"https:\\\/\\\/harvestshare.aanhpihealth.org\\\/es\\\/#organization\"},\"potentialAction\":[{\"@type\":\"SearchAction\",\"target\":{\"@type\":\"EntryPoint\",\"urlTemplate\":\"https:\\\/\\\/harvestshare.aanhpihealth.org\\\/es\\\/?s={search_term_string}\"},\"query-input\":{\"@type\":\"PropertyValueSpecification\",\"valueRequired\":true,\"valueName\":\"search_term_string\"}}],\"inLanguage\":\"es\"},{\"@type\":\"Organization\",\"@id\":\"https:\\\/\\\/harvestshare.aanhpihealth.org\\\/es\\\/#organization\",\"name\":\"HARVEST SHARE\",\"url\":\"https:\\\/\\\/harvestshare.aanhpihealth.org\\\/es\\\/\",\"logo\":{\"@type\":\"ImageObject\",\"inLanguage\":\"es\",\"@id\":\"https:\\\/\\\/harvestshare.aanhpihealth.org\\\/es\\\/#\\\/schema\\\/logo\\\/image\\\/\",\"url\":\"https:\\\/\\\/harvestshare.aanhpihealth.org\\\/wp-content\\\/uploads\\\/2024\\\/02\\\/cropped-harvestshare_logo.jpg\",\"contentUrl\":\"https:\\\/\\\/harvestshare.aanhpihealth.org\\\/wp-content\\\/uploads\\\/2024\\\/02\\\/cropped-harvestshare_logo.jpg\",\"width\":238,\"height\":38,\"caption\":\"HARVEST SHARE\"},\"image\":{\"@id\":\"https:\\\/\\\/harvestshare.aanhpihealth.org\\\/es\\\/#\\\/schema\\\/logo\\\/image\\\/\"}}]}<\/script>\n<!-- \/ Yoast SEO plugin. -->","yoast_head_json":{"title":"HARVEST SHARE - Our Communities, Our Foods","description":"Our Communities, Our Foods","robots":{"index":"index","follow":"follow","max-snippet":"max-snippet:-1","max-image-preview":"max-image-preview:large","max-video-preview":"max-video-preview:-1"},"canonical":"https:\/\/harvestshare.aanhpihealth.org\/es\/resources\/nutrition\/","og_locale":"es_ES","og_type":"article","og_title":"HARVEST SHARE - Our Communities, Our Foods","og_description":"Our Communities, Our Foods","og_url":"https:\/\/harvestshare.aanhpihealth.org\/es\/resources\/nutrition\/","og_site_name":"HARVEST SHARE","article_modified_time":"2024-03-27T15:16:46+00:00","og_image":[{"url":"https:\/\/harvestshare.aanhpihealth.org\/wp-content\/uploads\/2024\/03\/nutrition-c.jpg","type":"","width":"","height":""}],"twitter_card":"summary_large_image","twitter_misc":{"Tiempo de lectura":"1 minuto"},"schema":{"@context":"https:\/\/schema.org","@graph":[{"@type":"WebPage","@id":"https:\/\/harvestshare.aanhpihealth.org\/es\/resources\/nutrition\/","url":"https:\/\/harvestshare.aanhpihealth.org\/es\/resources\/nutrition\/","name":"HARVEST SHARE - Our Communities, Our Foods","isPartOf":{"@id":"https:\/\/harvestshare.aanhpihealth.org\/es\/#website"},"primaryImageOfPage":{"@id":"https:\/\/harvestshare.aanhpihealth.org\/es\/resources\/nutrition\/#primaryimage"},"image":{"@id":"https:\/\/harvestshare.aanhpihealth.org\/es\/resources\/nutrition\/#primaryimage"},"thumbnailUrl":"https:\/\/harvestshare.aanhpihealth.org\/wp-content\/uploads\/2024\/03\/nutrition-c.jpg","datePublished":"2024-02-21T20:29:53+00:00","dateModified":"2024-03-27T15:16:46+00:00","description":"Our Communities, Our Foods","breadcrumb":{"@id":"https:\/\/harvestshare.aanhpihealth.org\/es\/resources\/nutrition\/#breadcrumb"},"inLanguage":"es","potentialAction":[{"@type":"ReadAction","target":["https:\/\/harvestshare.aanhpihealth.org\/es\/resources\/nutrition\/"]}]},{"@type":"ImageObject","inLanguage":"es","@id":"https:\/\/harvestshare.aanhpihealth.org\/es\/resources\/nutrition\/#primaryimage","url":"https:\/\/harvestshare.aanhpihealth.org\/wp-content\/uploads\/2024\/03\/nutrition-c.jpg","contentUrl":"https:\/\/harvestshare.aanhpihealth.org\/wp-content\/uploads\/2024\/03\/nutrition-c.jpg"},{"@type":"BreadcrumbList","@id":"https:\/\/harvestshare.aanhpihealth.org\/es\/resources\/nutrition\/#breadcrumb","itemListElement":[{"@type":"ListItem","position":1,"name":"Home","item":"https:\/\/harvestshare.aanhpihealth.org\/es\/"},{"@type":"ListItem","position":2,"name":"Resources","item":"https:\/\/harvestshare.aanhpihealth.org\/es\/resources\/"},{"@type":"ListItem","position":3,"name":"NUTRITION"}]},{"@type":"WebSite","@id":"https:\/\/harvestshare.aanhpihealth.org\/es\/#website","url":"https:\/\/harvestshare.aanhpihealth.org\/es\/","name":"HARVEST SHARE","description":"Our Communities, Our Foods","publisher":{"@id":"https:\/\/harvestshare.aanhpihealth.org\/es\/#organization"},"potentialAction":[{"@type":"SearchAction","target":{"@type":"EntryPoint","urlTemplate":"https:\/\/harvestshare.aanhpihealth.org\/es\/?s={search_term_string}"},"query-input":{"@type":"PropertyValueSpecification","valueRequired":true,"valueName":"search_term_string"}}],"inLanguage":"es"},{"@type":"Organization","@id":"https:\/\/harvestshare.aanhpihealth.org\/es\/#organization","name":"HARVEST SHARE","url":"https:\/\/harvestshare.aanhpihealth.org\/es\/","logo":{"@type":"ImageObject","inLanguage":"es","@id":"https:\/\/harvestshare.aanhpihealth.org\/es\/#\/schema\/logo\/image\/","url":"https:\/\/harvestshare.aanhpihealth.org\/wp-content\/uploads\/2024\/02\/cropped-harvestshare_logo.jpg","contentUrl":"https:\/\/harvestshare.aanhpihealth.org\/wp-content\/uploads\/2024\/02\/cropped-harvestshare_logo.jpg","width":238,"height":38,"caption":"HARVEST SHARE"},"image":{"@id":"https:\/\/harvestshare.aanhpihealth.org\/es\/#\/schema\/logo\/image\/"}}]}},"_links":{"self":[{"href":"https:\/\/harvestshare.aanhpihealth.org\/es\/wp-json\/wp\/v2\/pages\/4440","targetHints":{"allow":["GET"]}}],"collection":[{"href":"https:\/\/harvestshare.aanhpihealth.org\/es\/wp-json\/wp\/v2\/pages"}],"about":[{"href":"https:\/\/harvestshare.aanhpihealth.org\/es\/wp-json\/wp\/v2\/types\/page"}],"author":[{"embeddable":true,"href":"https:\/\/harvestshare.aanhpihealth.org\/es\/wp-json\/wp\/v2\/users\/1"}],"replies":[{"embeddable":true,"href":"https:\/\/harvestshare.aanhpihealth.org\/es\/wp-json\/wp\/v2\/comments?post=4440"}],"version-history":[{"count":5,"href":"https:\/\/harvestshare.aanhpihealth.org\/es\/wp-json\/wp\/v2\/pages\/4440\/revisions"}],"predecessor-version":[{"id":6000,"href":"https:\/\/harvestshare.aanhpihealth.org\/es\/wp-json\/wp\/v2\/pages\/4440\/revisions\/6000"}],"up":[{"embeddable":true,"href":"https:\/\/harvestshare.aanhpihealth.org\/es\/wp-json\/wp\/v2\/pages\/4428"}],"wp:attachment":[{"href":"https:\/\/harvestshare.aanhpihealth.org\/es\/wp-json\/wp\/v2\/media?parent=4440"}],"curies":[{"name":"wp","href":"https:\/\/api.w.org\/{rel}","templated":true}]}}